{"id":4218,"date":"2025-12-12T06:24:58","date_gmt":"2025-12-12T06:24:58","guid":{"rendered":"https:\/\/lignumbern.ch\/wyssacademy\/?page_id=4218"},"modified":"2025-12-15T13:53:25","modified_gmt":"2025-12-15T13:53:25","slug":"sensibilisierungskampagne-bern","status":"publish","type":"page","link":"https:\/\/lignumbern.ch\/wyssacademy\/sensibilisierungskampagne-bern\/","title":{"rendered":"Sensibilisierungskampagne zur F\u00f6rderung von Verst\u00e4ndnis, Wertsch\u00e4tzung und Handlungsbereitschaft f\u00fcr den regionalen Wald- und Holzkreislauf im Kanton Bern"},"content":{"rendered":"<p><section class=\"ffb-id-5f2ba3u5 fg-section fg-text-dark\"><div class=\"fg-container container fg-container-large fg-container-lvl--1 \"><div class=\"fg-row row    \" ><div class=\"ffb-id-5f2ba3u7 fg-col col-xs-12 col-md-12 fg-text-dark\"><h2 class=\"ffb-id-5f2batt9 fg-heading text-left    fg-text-dark\">Sensibilisierungskampagne zur F\u00f6rderung von Verst\u00e4ndnis, Wertsch\u00e4tzung und Handlungsbereitschaft f\u00fcr den regionalen Wald- und Holzkreislauf im Kanton Bern<\/h2><div class=\"ffb-id-5f2c8f6b fg-paragraph ff-richtext text-left    fg-text-dark\"><\/p>\n<p>Holz ist ein nachwachsender Rohstoff, der im Bauwesen einen wichtigen Beitrag zum Klimaschutz leistet: Es speichert CO\u2082 und ersetzt emissionsintensive Materialien wie Beton. Gleichzeitig erf&uuml;llt der Wald zentrale Funktionen f&uuml;r Mensch und Natur &ndash; vom Schutz vor Naturgefahren bis zur Sicherung der Biodiversit&auml;t.<\/p>\n<p>Damit diese Leistungen erhalten bleiben, braucht es nicht nur eine nachhaltige Bewirtschaftung, sondern auch ein besseres Verst&auml;ndnis in der Gesellschaft. Studien und Erfahrungen zeigen: Die Vorteile von Wald und Holz sind bekannt, spiegeln sich aber kaum im Verhalten und in Kaufentscheiden wider. Hier soll eine mehrphasige Kampagne ansetzen, um Wertsch&auml;tzung und Handlungsbereitschaft f&uuml;r den regionalen Wald- und Holzkreislauf zu f&ouml;rdern.<\/p>\n<p>In Phase 1 (2025&ndash;2026) werden Bedarfsanalyse, Zielgruppen und Kommunikationsstrategie erarbeitet. Ab 2026 richtet sich die Kampagne an die Bev&ouml;lkerung und Entscheidungstr&auml;ger, um die Bedeutung des Waldes und den Mehrwert des Bauens mit regionalem Holz sichtbar zu machen. Mit gezielten Botschaften und einer Kombination aus Online- und Offline-Kan&auml;len wollen wir m&ouml;glichst viele Menschen erreichen und zum Mitmachen bewegen. So st&auml;rken wir die nachhaltige Nutzung von Wald und Holz &ndash; f&uuml;r Klima, Natur und Gesellschaft.<\/p>\n<p><\/div><div class=\"ffb-id-77fq87e9 ffg-empty-space fg-text-dark\"><\/div><a class=\"ffb-id-9417hoij responsive-image-wrapper fg-text-dark\" href=\"https:\/\/holzkoepfe.ch\/\" target=\"_blank\" title=\"https:\/\/holzkoepfe.ch\/\"><img decoding=\"async\"  srcset=\"https:\/\/lignumbern.ch\/wyssacademy\/wp-content\/uploads\/2025\/12\/tp3-sensibilisierung.jpg 1200w, https:\/\/lignumbern.ch\/wyssacademy\/wp-content\/uploads\/freshizer\/4ecc703c4e47e4553994f13023aa180a_tp3-sensibilisierung-320-c-100.jpg 320w, https:\/\/lignumbern.ch\/wyssacademy\/wp-content\/uploads\/freshizer\/4ecc703c4e47e4553994f13023aa180a_tp3-sensibilisierung-768-c-100.jpg 768w, https:\/\/lignumbern.ch\/wyssacademy\/wp-content\/uploads\/freshizer\/4ecc703c4e47e4553994f13023aa180a_tp3-sensibilisierung-992-c-100.jpg 992w\"  sizes=\"(max-width: 1200px) 100vw, 1200px\"  class=\"fg-image  img-responsive full-width\"  src=\"https:\/\/lignumbern.ch\/wyssacademy\/wp-content\/uploads\/2025\/12\/tp3-sensibilisierung.jpg\"  alt=\"tp3-sensibilisierung\"  title=\"\"   =\"\" ><\/a><div class=\"ffb-id-94baunm2 ffg-empty-space fg-text-dark\"><\/div><div class=\"ffb-id-5f2bbnk9 fg-paragraph ff-richtext text-left    fg-text-dark\"><\/p>\n<p style=\"text-align: left\"><strong>Projektleitung:<\/strong> Lignum Holzwirtschaft Bern, Spiez; Jolanda Brunner (<a href=\"mailto:jolanda.brunner@lignumbern.ch\">jolanda.brunner@lignumbern.ch<\/a>)<\/p>\n<p><\/div><div class=\"ffb-id-94baue35 ffg-empty-space fg-text-dark\"><\/div><\/div><\/div><\/div><\/section><style>.ffb-id-94baue35{ height: 100px;}.ffb-id-94baunm2{ height: 50px;}.ffb-id-77fq87e9{ height: 50px;}.ffb-id-5f2batt9 ,.ffb-id-5f2batt9:before,.ffb-id-5f2batt9:after,.ffb-id-5f2batt9 *,.ffb-id-5f2batt9 *:before,.ffb-id-5f2batt9 *:after{ color: #2f7271 !important;}.ffb-id-5f2batt9{ font-size: 36px !important;font-weight: 700 !important;}.ffb-id-5f2batt9 ,.ffb-id-5f2batt9:before,.ffb-id-5f2batt9:after,.ffb-id-5f2batt9:hover,.ffb-id-5f2batt9:focus,.ffb-id-5f2batt9 *,.ffb-id-5f2batt9 *:before,.ffb-id-5f2batt9 *:after,.ffb-id-5f2batt9 *:hover,.ffb-id-5f2batt9 *:focus{ font-size: 36px !important;font-weight: 700 !important;}@media (min-width:992px) { .ffb-id-5f2batt9{ font-size: 40px !important;}}@media (min-width:992px) { .ffb-id-5f2batt9 ,.ffb-id-5f2batt9:before,.ffb-id-5f2batt9:after,.ffb-id-5f2batt9:hover,.ffb-id-5f2batt9:focus,.ffb-id-5f2batt9 *,.ffb-id-5f2batt9 *:before,.ffb-id-5f2batt9 *:after,.ffb-id-5f2batt9 *:hover,.ffb-id-5f2batt9 *:focus{ font-size: 40px !important;}}<\/style><script type=\"text\/javascript\"><\/script><style>.ffb-id-94baue35{ \nheight: 100px;\n}\n.ffb-id-94baunm2{ \nheight: 50px;\n}\n.ffb-id-77fq87e9{ \nheight: 50px;\n}\n.ffb-id-5f2batt9 ,\n.ffb-id-5f2batt9:before,\n.ffb-id-5f2batt9:after,\n.ffb-id-5f2batt9 *,\n.ffb-id-5f2batt9 *:before,\n.ffb-id-5f2batt9 *:after{ \ncolor: #2f7271 !important;\n}\n.ffb-id-5f2batt9{ \nfont-size: 36px !important;\nfont-weight: 700 !important;\n}\n.ffb-id-5f2batt9 ,\n.ffb-id-5f2batt9:before,\n.ffb-id-5f2batt9:after,\n.ffb-id-5f2batt9:hover,\n.ffb-id-5f2batt9:focus,\n.ffb-id-5f2batt9 *,\n.ffb-id-5f2batt9 *:before,\n.ffb-id-5f2batt9 *:after,\n.ffb-id-5f2batt9 *:hover,\n.ffb-id-5f2batt9 *:focus{ \nfont-size: 36px !important;\nfont-weight: 700 !important;\n}\n@media (min-width:992px) { \n.ffb-id-5f2batt9{ \nfont-size: 40px !important;\n}\n}@media (min-width:992px) { \n.ffb-id-5f2batt9 ,\n.ffb-id-5f2batt9:before,\n.ffb-id-5f2batt9:after,\n.ffb-id-5f2batt9:hover,\n.ffb-id-5f2batt9:focus,\n.ffb-id-5f2batt9 *,\n.ffb-id-5f2batt9 *:before,\n.ffb-id-5f2batt9 *:after,\n.ffb-id-5f2batt9 *:hover,\n.ffb-id-5f2batt9 *:focus{ \nfont-size: 40px !important;\n}\n}<\/style><script type=\"text\/javascript\"><\/script><\/p>\n<div class=\"shariff shariff-align-flex-start shariff-widget-align-flex-start\" data-services=\"facebook\" data-url=\"https%3A%2F%2Flignumbern.ch%2Fwyssacademy%2Fsensibilisierungskampagne-bern%2F\" data-timestamp=\"1765806805\" data-backendurl=\"https:\/\/lignumbern.ch\/wyssacademy\/wp-json\/shariff\/v1\/share_counts?\"><div class=\"ShariffHeadline\">Diesen Beitrag:<\/div><ul class=\"shariff-buttons theme-white orientation-horizontal buttonsize-small\"><li class=\"shariff-button twitter shariff-nocustomcolor\" style=\"background-color:#595959\"><a href=\"https:\/\/twitter.com\/share?url=https%3A%2F%2Flignumbern.ch%2Fwyssacademy%2Fsensibilisierungskampagne-bern%2F&text=Sensibilisierungskampagne%20zur%20F%C3%B6rderung%20von%20Verst%C3%A4ndnis%2C%20Wertsch%C3%A4tzung%20und%20Handlungsbereitschaft%20f%C3%BCr%20den%20regionalen%20Wald-%20und%20Holzkreislauf%20im%20Kanton%20Bern\" title=\"Bei X teilen\" aria-label=\"Bei X teilen\" role=\"button\" rel=\"noopener nofollow\" class=\"shariff-link\" style=\"; background-color:#000; color:#000\" target=\"_blank\"><span class=\"shariff-icon\" style=\"fill:#000\"><svg width=\"32px\" height=\"20px\" xmlns=\"http:\/\/www.w3.org\/2000\/svg\" viewBox=\"0 0 24 24\"><path fill=\"#000\" d=\"M14.258 10.152L23.176 0h-2.113l-7.747 8.813L7.133 0H0l9.352 13.328L0 23.973h2.113l8.176-9.309 6.531 9.309h7.133zm-2.895 3.293l-.949-1.328L2.875 1.56h3.246l6.086 8.523.945 1.328 7.91 11.078h-3.246zm0 0\"\/><\/svg><\/span><span class=\"shariff-text\" style=\"color:#000\">teilen<\/span>&nbsp;<\/a><\/li><li class=\"shariff-button facebook shariff-nocustomcolor\" style=\"background-color:#4273c8\"><a href=\"https:\/\/www.facebook.com\/sharer\/sharer.php?u=https%3A%2F%2Flignumbern.ch%2Fwyssacademy%2Fsensibilisierungskampagne-bern%2F\" title=\"Bei Facebook teilen\" aria-label=\"Bei Facebook teilen\" role=\"button\" rel=\"nofollow\" class=\"shariff-link\" style=\"; background-color:#3b5998; color:#3b5998\" target=\"_blank\"><span class=\"shariff-icon\" style=\"fill:#3b5998\"><svg width=\"32px\" height=\"20px\" xmlns=\"http:\/\/www.w3.org\/2000\/svg\" viewBox=\"0 0 18 32\"><path fill=\"#3b5998\" d=\"M17.1 0.2v4.7h-2.8q-1.5 0-2.1 0.6t-0.5 1.9v3.4h5.2l-0.7 5.3h-4.5v13.6h-5.5v-13.6h-4.5v-5.3h4.5v-3.9q0-3.3 1.9-5.2t5-1.8q2.6 0 4.1 0.2z\"\/><\/svg><\/span><span class=\"shariff-text\" style=\"color:#3b5998\">teilen<\/span>&nbsp;<\/a><\/li><li class=\"shariff-button linkedin shariff-nocustomcolor\" style=\"background-color:#1488bf\"><a href=\"https:\/\/www.linkedin.com\/sharing\/share-offsite\/?url=https%3A%2F%2Flignumbern.ch%2Fwyssacademy%2Fsensibilisierungskampagne-bern%2F\" title=\"Bei LinkedIn teilen\" aria-label=\"Bei LinkedIn teilen\" role=\"button\" rel=\"noopener nofollow\" class=\"shariff-link\" style=\"; background-color:#0077b5; color:#0077b5\" target=\"_blank\"><span class=\"shariff-icon\" style=\"fill:#0077b5\"><svg width=\"32px\" height=\"20px\" xmlns=\"http:\/\/www.w3.org\/2000\/svg\" viewBox=\"0 0 27 32\"><path fill=\"#0077b5\" d=\"M6.2 11.2v17.7h-5.9v-17.7h5.9zM6.6 5.7q0 1.3-0.9 2.2t-2.4 0.9h0q-1.5 0-2.4-0.9t-0.9-2.2 0.9-2.2 2.4-0.9 2.4 0.9 0.9 2.2zM27.4 18.7v10.1h-5.9v-9.5q0-1.9-0.7-2.9t-2.3-1.1q-1.1 0-1.9 0.6t-1.2 1.5q-0.2 0.5-0.2 1.4v9.9h-5.9q0-7.1 0-11.6t0-5.3l0-0.9h5.9v2.6h0q0.4-0.6 0.7-1t1-0.9 1.6-0.8 2-0.3q3 0 4.9 2t1.9 6z\"\/><\/svg><\/span><span class=\"shariff-text\" style=\"color:#0077b5\">teilen<\/span>&nbsp;<\/a><\/li><li class=\"shariff-button xing shariff-nocustomcolor\" style=\"background-color:#29888a\"><a href=\"https:\/\/www.xing.com\/spi\/shares\/new?url=https%3A%2F%2Flignumbern.ch%2Fwyssacademy%2Fsensibilisierungskampagne-bern%2F\" title=\"Bei XING teilen\" aria-label=\"Bei XING teilen\" role=\"button\" rel=\"noopener nofollow\" class=\"shariff-link\" style=\"; background-color:#126567; color:#126567\" target=\"_blank\"><span class=\"shariff-icon\" style=\"fill:#126567\"><svg width=\"32px\" height=\"20px\" xmlns=\"http:\/\/www.w3.org\/2000\/svg\" viewBox=\"0 0 25 32\"><path fill=\"#126567\" d=\"M10.7 11.9q-0.2 0.3-4.6 8.2-0.5 0.8-1.2 0.8h-4.3q-0.4 0-0.5-0.3t0-0.6l4.5-8q0 0 0 0l-2.9-5q-0.2-0.4 0-0.7 0.2-0.3 0.5-0.3h4.3q0.7 0 1.2 0.8zM25.1 0.4q0.2 0.3 0 0.7l-9.4 16.7 6 11q0.2 0.4 0 0.6-0.2 0.3-0.6 0.3h-4.3q-0.7 0-1.2-0.8l-6-11.1q0.3-0.6 9.5-16.8 0.4-0.8 1.2-0.8h4.3q0.4 0 0.5 0.3z\"\/><\/svg><\/span><span class=\"shariff-text\" style=\"color:#126567\">teilen<\/span>&nbsp;<\/a><\/li><li class=\"shariff-button mailto shariff-nocustomcolor\" style=\"background-color:#a8a8a8\"><a href=\"mailto:?body=https%3A%2F%2Flignumbern.ch%2Fwyssacademy%2Fsensibilisierungskampagne-bern%2F&subject=Sensibilisierungskampagne%20zur%20F%C3%B6rderung%20von%20Verst%C3%A4ndnis%2C%20Wertsch%C3%A4tzung%20und%20Handlungsbereitschaft%20f%C3%BCr%20den%20regionalen%20Wald-%20und%20Holzkreislauf%20im%20Kanton%20Bern\" title=\"Per E-Mail versenden\" aria-label=\"Per E-Mail versenden\" role=\"button\" rel=\"noopener nofollow\" class=\"shariff-link\" style=\"; background-color:#999; color:#999\"><span class=\"shariff-icon\" style=\"fill:#999\"><svg width=\"32px\" height=\"20px\" xmlns=\"http:\/\/www.w3.org\/2000\/svg\" viewBox=\"0 0 32 32\"><path fill=\"#999\" d=\"M32 12.7v14.2q0 1.2-0.8 2t-2 0.9h-26.3q-1.2 0-2-0.9t-0.8-2v-14.2q0.8 0.9 1.8 1.6 6.5 4.4 8.9 6.1 1 0.8 1.6 1.2t1.7 0.9 2 0.4h0.1q0.9 0 2-0.4t1.7-0.9 1.6-1.2q3-2.2 8.9-6.1 1-0.7 1.8-1.6zM32 7.4q0 1.4-0.9 2.7t-2.2 2.2q-6.7 4.7-8.4 5.8-0.2 0.1-0.7 0.5t-1 0.7-0.9 0.6-1.1 0.5-0.9 0.2h-0.1q-0.4 0-0.9-0.2t-1.1-0.5-0.9-0.6-1-0.7-0.7-0.5q-1.6-1.1-4.7-3.2t-3.6-2.6q-1.1-0.7-2.1-2t-1-2.5q0-1.4 0.7-2.3t2.1-0.9h26.3q1.2 0 2 0.8t0.9 2z\"\/><\/svg><\/span><span class=\"shariff-text\" style=\"color:#999\">E-Mail<\/span>&nbsp;<\/a><\/li><li class=\"shariff-button whatsapp shariff-nocustomcolor\" style=\"background-color:#5cbe4a\"><a href=\"https:\/\/api.whatsapp.com\/send?text=https%3A%2F%2Flignumbern.ch%2Fwyssacademy%2Fsensibilisierungskampagne-bern%2F%20Sensibilisierungskampagne%20zur%20F%C3%B6rderung%20von%20Verst%C3%A4ndnis%2C%20Wertsch%C3%A4tzung%20und%20Handlungsbereitschaft%20f%C3%BCr%20den%20regionalen%20Wald-%20und%20Holzkreislauf%20im%20Kanton%20Bern\" title=\"Bei Whatsapp teilen\" aria-label=\"Bei Whatsapp teilen\" role=\"button\" rel=\"noopener nofollow\" class=\"shariff-link\" style=\"; background-color:#34af23; color:#34af23\" target=\"_blank\"><span class=\"shariff-icon\" style=\"fill:#34af23\"><svg width=\"32px\" height=\"20px\" xmlns=\"http:\/\/www.w3.org\/2000\/svg\" viewBox=\"0 0 32 32\"><path fill=\"#34af23\" d=\"M17.6 17.4q0.2 0 1.7 0.8t1.6 0.9q0 0.1 0 0.3 0 0.6-0.3 1.4-0.3 0.7-1.3 1.2t-1.8 0.5q-1 0-3.4-1.1-1.7-0.8-3-2.1t-2.6-3.3q-1.3-1.9-1.3-3.5v-0.1q0.1-1.6 1.3-2.8 0.4-0.4 0.9-0.4 0.1 0 0.3 0t0.3 0q0.3 0 0.5 0.1t0.3 0.5q0.1 0.4 0.6 1.6t0.4 1.3q0 0.4-0.6 1t-0.6 0.8q0 0.1 0.1 0.3 0.6 1.3 1.8 2.4 1 0.9 2.7 1.8 0.2 0.1 0.4 0.1 0.3 0 1-0.9t0.9-0.9zM14 26.9q2.3 0 4.3-0.9t3.6-2.4 2.4-3.6 0.9-4.3-0.9-4.3-2.4-3.6-3.6-2.4-4.3-0.9-4.3 0.9-3.6 2.4-2.4 3.6-0.9 4.3q0 3.6 2.1 6.6l-1.4 4.2 4.3-1.4q2.8 1.9 6.2 1.9zM14 2.2q2.7 0 5.2 1.1t4.3 2.9 2.9 4.3 1.1 5.2-1.1 5.2-2.9 4.3-4.3 2.9-5.2 1.1q-3.5 0-6.5-1.7l-7.4 2.4 2.4-7.2q-1.9-3.2-1.9-6.9 0-2.7 1.1-5.2t2.9-4.3 4.3-2.9 5.2-1.1z\"\/><\/svg><\/span><span class=\"shariff-text\" style=\"color:#34af23\">teilen<\/span>&nbsp;<\/a><\/li><\/ul><\/div>","protected":false},"excerpt":{"rendered":"","protected":false},"author":1,"featured_media":0,"parent":0,"menu_order":0,"comment_status":"closed","ping_status":"closed","template":"","meta":{"_seopress_robots_primary_cat":"","_seopress_titles_title":"","_seopress_titles_desc":"","_seopress_robots_index":"","inline_featured_image":false,"footnotes":""},"class_list":["post-4218","page","type-page","status-publish","hentry","post-wrapper"],"_links":{"self":[{"href":"https:\/\/lignumbern.ch\/wyssacademy\/wp-json\/wp\/v2\/pages\/4218","targetHints":{"allow":["GET"]}}],"collection":[{"href":"https:\/\/lignumbern.ch\/wyssacademy\/wp-json\/wp\/v2\/pages"}],"about":[{"href":"https:\/\/lignumbern.ch\/wyssacademy\/wp-json\/wp\/v2\/types\/page"}],"author":[{"embeddable":true,"href":"https:\/\/lignumbern.ch\/wyssacademy\/wp-json\/wp\/v2\/users\/1"}],"replies":[{"embeddable":true,"href":"https:\/\/lignumbern.ch\/wyssacademy\/wp-json\/wp\/v2\/comments?post=4218"}],"version-history":[{"count":2,"href":"https:\/\/lignumbern.ch\/wyssacademy\/wp-json\/wp\/v2\/pages\/4218\/revisions"}],"predecessor-version":[{"id":4235,"href":"https:\/\/lignumbern.ch\/wyssacademy\/wp-json\/wp\/v2\/pages\/4218\/revisions\/4235"}],"wp:attachment":[{"href":"https:\/\/lignumbern.ch\/wyssacademy\/wp-json\/wp\/v2\/media?parent=4218"}],"curies":[{"name":"wp","href":"https:\/\/api.w.org\/{rel}","templated":true}]}}